{"id":463,"date":"2013-12-11T09:12:35","date_gmt":"2013-12-11T09:12:35","guid":{"rendered":"http:\/\/association-douar-tamazirte.ch\/w\/?page_id=463"},"modified":"2026-01-16T17:52:16","modified_gmt":"2026-01-16T16:52:16","slug":"nos-recettes","status":"publish","type":"page","link":"http:\/\/association-douar-tamazirte.ch\/w\/?page_id=463","title":{"rendered":"Nos recettes"},"content":{"rendered":"<p style=\"text-align: left; padding-left: 30px;\"><span style=\"font-size: 24px;\"><strong><span style=\"color: #ff0000;\"><span style=\"text-decoration: underline;\">Votre soutien et<\/span> :<a href=\"http:\/\/association-douar-tamazirte.ch\/w\/wp-content\/uploads\/2014\/03\/DSC_0286.jpg\"><img loading=\"lazy\" decoding=\"async\" data-attachment-id=\"551\" data-permalink=\"http:\/\/association-douar-tamazirte.ch\/w\/?attachment_id=551\" data-orig-file=\"http:\/\/association-douar-tamazirte.ch\/w\/wp-content\/uploads\/2014\/03\/DSC_0286.jpg\" data-orig-size=\"3872,2592\" data-comments-opened=\"0\" data-image-meta=\"{&quot;aperture&quot;:&quot;14&quot;,&quot;credit&quot;:&quot;&quot;,&quot;camera&quot;:&quot;NIKON D200&quot;,&quot;caption&quot;:&quot;&quot;,&quot;created_timestamp&quot;:&quot;1254834229&quot;,&quot;copyright&quot;:&quot;&quot;,&quot;focal_length&quot;:&quot;200&quot;,&quot;iso&quot;:&quot;100&quot;,&quot;shutter_speed&quot;:&quot;0.022222222222222&quot;,&quot;title&quot;:&quot;&quot;}\" data-image-title=\"DSC_0286\" data-image-description=\"\" data-image-caption=\"\" data-medium-file=\"http:\/\/association-douar-tamazirte.ch\/w\/wp-content\/uploads\/2014\/03\/DSC_0286-300x200.jpg\" data-large-file=\"http:\/\/association-douar-tamazirte.ch\/w\/wp-content\/uploads\/2014\/03\/DSC_0286-1024x685.jpg\" class=\"wp-image-551 alignright\" src=\"http:\/\/association-douar-tamazirte.ch\/w\/wp-content\/uploads\/2014\/03\/DSC_0286-300x200.jpg\" alt=\"DSC_0286\" width=\"240\" height=\"146\" \/><\/a><\/span><\/strong><\/span><\/p>\n<ul style=\"list-style-type: square;\">\n<li>B\u00e9n\u00e9volat &#8211;\u00a0Solidarit\u00e9<\/li>\n<li>Assiduit\u00e9 &#8211;\u00a0Enthousiasme<\/li>\n<\/ul>\n<p style=\"padding-left: 30px;\"><span style=\"font-size: 20px;\"><strong><span style=\"color: #0000ff;\"><span style=\"text-decoration: underline;\">Pour financer nos actions, nous <\/span>:<\/span><\/strong><\/span><\/p>\n<ul style=\"list-style-type: square;\">\n<li>Organisons des repas de soutien ( 14 \u00e0 ce jour )<\/li>\n<li>Participons \u00e0 des courses d&rsquo;ultra-endurance ( 13 x 100 km, 3 marathons )<\/li>\n<li>R\u00e9alisons des gadgets publicitaires ( tapis de souris, calendriers, etc )<\/li>\n<li>Diverses actions pour No\u00ebl comme par exemple la vente d&rsquo;\u00e9pices<\/li>\n<li>Participons \u00e0 des manifestations ( F\u00eate du pain et du bl\u00e9 Echallens, etc )<\/li>\n<\/ul>\n<p style=\"text-align: left;\">Nous ne cherchons pas uniquement\u00a0et syst\u00e9matiquement de l&rsquo;argent. Les id\u00e9es, le soutien, la logistique ou toutes autres aides sont les bienvenues !<\/p>\n","protected":false},"excerpt":{"rendered":"<p>Votre soutien et : B\u00e9n\u00e9volat &#8211;\u00a0Solidarit\u00e9 Assiduit\u00e9 &#8211;\u00a0Enthousiasme Pour financer nos actions, nous : Organisons des repas de soutien ( 14 \u00e0 ce jour ) Participons \u00e0 des courses d&rsquo;ultra-endurance ( 13 x 100 km, 3 marathons ) R\u00e9alisons des gadgets publicitaires ( tapis de souris, calendriers, etc ) Diverses actions pour No\u00ebl comme par &hellip; <a href=\"http:\/\/association-douar-tamazirte.ch\/w\/?page_id=463\" class=\"more-link\">Continuer la lecture de <span class=\"screen-reader-text\">Nos recettes<\/span> <span class=\"meta-nav\">&rarr;<\/span><\/a><\/p>\n","protected":false},"author":1,"featured_media":0,"parent":0,"menu_order":50,"comment_status":"closed","ping_status":"closed","template":"","meta":{"footnotes":""},"class_list":["post-463","page","type-page","status-publish","hentry"],"jetpack_sharing_enabled":true,"_links":{"self":[{"href":"http:\/\/association-douar-tamazirte.ch\/w\/index.php?rest_route=\/wp\/v2\/pages\/463","targetHints":{"allow":["GET"]}}],"collection":[{"href":"http:\/\/association-douar-tamazirte.ch\/w\/index.php?rest_route=\/wp\/v2\/pages"}],"about":[{"href":"http:\/\/association-douar-tamazirte.ch\/w\/index.php?rest_route=\/wp\/v2\/types\/page"}],"author":[{"embeddable":true,"href":"http:\/\/association-douar-tamazirte.ch\/w\/index.php?rest_route=\/wp\/v2\/users\/1"}],"replies":[{"embeddable":true,"href":"http:\/\/association-douar-tamazirte.ch\/w\/index.php?rest_route=%2Fwp%2Fv2%2Fcomments&post=463"}],"version-history":[{"count":20,"href":"http:\/\/association-douar-tamazirte.ch\/w\/index.php?rest_route=\/wp\/v2\/pages\/463\/revisions"}],"predecessor-version":[{"id":3356,"href":"http:\/\/association-douar-tamazirte.ch\/w\/index.php?rest_route=\/wp\/v2\/pages\/463\/revisions\/3356"}],"wp:attachment":[{"href":"http:\/\/association-douar-tamazirte.ch\/w\/index.php?rest_route=%2Fwp%2Fv2%2Fmedia&parent=463"}],"curies":[{"name":"wp","href":"https:\/\/api.w.org\/{rel}","templated":true}]}}