{"id":3217,"date":"2025-12-07T12:03:09","date_gmt":"2025-12-07T11:03:09","guid":{"rendered":"http:\/\/association-douar-tamazirte.ch\/w\/?page_id=3217"},"modified":"2026-01-16T17:48:25","modified_gmt":"2026-01-16T16:48:25","slug":"bienvenue-sur-notre-site","status":"publish","type":"page","link":"http:\/\/association-douar-tamazirte.ch\/w\/","title":{"rendered":"Bienvenue sur le site de notre Association et Merci de votre soutien !"},"content":{"rendered":"\n<p><mark style=\"background-color:rgba(0, 0, 0, 0)\" class=\"has-inline-color has-red-color\">Association Douar Tamazirte <\/mark>\/ <mark style=\"background-color:rgba(0, 0, 0, 0)\" class=\"has-inline-color has-red-color\">Chemin Armand Rouiller 2 &#8211; 1115 Vullierens<\/mark><\/p>\n\n\n\n<p><span style=\"color: #0000ff;\">alain@association-douar-tamazirte.ch \/ BCV &#8211; IBAN : CH45 0076 7000 A549 6722 0<\/span><\/p>\n\n\n\n\n\n\n\n<p>Nous croyons en l&rsquo;importance du respect, de la diversit\u00e9 et de l&rsquo;engagement citoyen. Notre action s&rsquo;inscrit dans une d\u00e9marche participative, o\u00f9 chacun peut trouver sa place et contribuer au dynamisme de notre association.<\/p>\n<p>Pour toute demande d&rsquo;information, n&rsquo;h\u00e9sitez pas \u00e0 nous contacter !<\/p>\n","protected":false},"excerpt":{"rendered":"<p>Association Douar Tamazirte \/ Chemin Armand Rouiller 2 &#8211; 1115 Vullierens alain@association-douar-tamazirte.ch \/ BCV &#8211; IBAN : CH45 0076 7000 A549 6722 0 Nous croyons en l&rsquo;importance du respect, de la diversit\u00e9 et de l&rsquo;engagement citoyen. Notre action s&rsquo;inscrit dans une d\u00e9marche participative, o\u00f9 chacun peut trouver sa place et contribuer au dynamisme de notre &hellip; <a href=\"http:\/\/association-douar-tamazirte.ch\/w\/\" class=\"more-link\">Continuer la lecture de <span class=\"screen-reader-text\">Bienvenue sur le site de notre Association et Merci de votre soutien !<\/span> <span class=\"meta-nav\">&rarr;<\/span><\/a><\/p>\n","protected":false},"author":3,"featured_media":0,"parent":0,"menu_order":0,"comment_status":"closed","ping_status":"closed","template":"","meta":{"footnotes":""},"class_list":["post-3217","page","type-page","status-publish","hentry"],"jetpack_sharing_enabled":true,"_links":{"self":[{"href":"http:\/\/association-douar-tamazirte.ch\/w\/index.php?rest_route=\/wp\/v2\/pages\/3217","targetHints":{"allow":["GET"]}}],"collection":[{"href":"http:\/\/association-douar-tamazirte.ch\/w\/index.php?rest_route=\/wp\/v2\/pages"}],"about":[{"href":"http:\/\/association-douar-tamazirte.ch\/w\/index.php?rest_route=\/wp\/v2\/types\/page"}],"author":[{"embeddable":true,"href":"http:\/\/association-douar-tamazirte.ch\/w\/index.php?rest_route=\/wp\/v2\/users\/3"}],"replies":[{"embeddable":true,"href":"http:\/\/association-douar-tamazirte.ch\/w\/index.php?rest_route=%2Fwp%2Fv2%2Fcomments&post=3217"}],"version-history":[{"count":29,"href":"http:\/\/association-douar-tamazirte.ch\/w\/index.php?rest_route=\/wp\/v2\/pages\/3217\/revisions"}],"predecessor-version":[{"id":3354,"href":"http:\/\/association-douar-tamazirte.ch\/w\/index.php?rest_route=\/wp\/v2\/pages\/3217\/revisions\/3354"}],"wp:attachment":[{"href":"http:\/\/association-douar-tamazirte.ch\/w\/index.php?rest_route=%2Fwp%2Fv2%2Fmedia&parent=3217"}],"curies":[{"name":"wp","href":"https:\/\/api.w.org\/{rel}","templated":true}]}}