{"id":2055,"date":"2022-04-02T15:37:15","date_gmt":"2022-04-02T14:37:15","guid":{"rendered":"http:\/\/association-douar-tamazirte.ch\/w\/?page_id=2055"},"modified":"2025-12-09T19:24:57","modified_gmt":"2025-12-09T18:24:57","slug":"action-2021","status":"publish","type":"page","link":"http:\/\/association-douar-tamazirte.ch\/w\/?page_id=2055","title":{"rendered":"Action COVID 2021"},"content":{"rendered":"\n<p>En 2021, en raison &#8211; malheureusement &#8211; toujours du COVID, nous avons reconduit notre aide d&rsquo;urgence en faveur des familles d\u00e9favoris\u00e9es avec enfants.<\/p>\n<p>Plus de 180 familles avec de nombreux enfants ont re\u00e7u les produits de premi\u00e8re n\u00e9cessit\u00e9 afin d&rsquo;all\u00e9ger, s&rsquo;il est possible, leur quotidien difficile !<\/p>\n<p>C&rsquo;est peu et \u00e9norme \u00e0 la fois ! Un immense Merci \u00e0 toutes celles et toux ceux qui ont permis ces gestes de solidarit\u00e9 !<\/p>\n<p>\u00a0<\/p>\n\n\n\n<figure class=\"wp-block-gallery has-nested-images columns-default is-cropped wp-block-gallery-1 is-layout-flex wp-block-gallery-is-layout-flex\">\n<figure class=\"wp-block-image size-large\"><a href=\"http:\/\/association-douar-tamazirte.ch\/w\/wp-content\/uploads\/2022\/01\/Distribution-10-2.jpg\"><img loading=\"lazy\" decoding=\"async\" width=\"581\" height=\"1032\" data-attachment-id=\"2050\" data-permalink=\"http:\/\/association-douar-tamazirte.ch\/w\/?attachment_id=2050\" data-orig-file=\"http:\/\/association-douar-tamazirte.ch\/w\/wp-content\/uploads\/2022\/01\/Distribution-10-2.jpg\" data-orig-size=\"581,1032\" data-comments-opened=\"0\" data-image-meta=\"{&quot;aperture&quot;:&quot;0&quot;,&quot;credit&quot;:&quot;&quot;,&quot;camera&quot;:&quot;&quot;,&quot;caption&quot;:&quot;&quot;,&quot;created_timestamp&quot;:&quot;0&quot;,&quot;copyright&quot;:&quot;&quot;,&quot;focal_length&quot;:&quot;0&quot;,&quot;iso&quot;:&quot;0&quot;,&quot;shutter_speed&quot;:&quot;0&quot;,&quot;title&quot;:&quot;&quot;,&quot;orientation&quot;:&quot;0&quot;}\" data-image-title=\"\" data-image-description=\"\" data-image-caption=\"\" data-medium-file=\"http:\/\/association-douar-tamazirte.ch\/w\/wp-content\/uploads\/2022\/01\/Distribution-10-2-169x300.jpg\" data-large-file=\"http:\/\/association-douar-tamazirte.ch\/w\/wp-content\/uploads\/2022\/01\/Distribution-10-2-576x1024.jpg\" data-id=\"2050\" src=\"http:\/\/association-douar-tamazirte.ch\/w\/wp-content\/uploads\/2022\/01\/Distribution-10-2.jpg\" alt=\"\" class=\"wp-image-2050\" srcset=\"http:\/\/association-douar-tamazirte.ch\/w\/wp-content\/uploads\/2022\/01\/Distribution-10-2.jpg 581w, http:\/\/association-douar-tamazirte.ch\/w\/wp-content\/uploads\/2022\/01\/Distribution-10-2-169x300.jpg 169w, http:\/\/association-douar-tamazirte.ch\/w\/wp-content\/uploads\/2022\/01\/Distribution-10-2-576x1024.jpg 576w\" sizes=\"auto, (max-width: 581px) 100vw, 581px\" \/><\/a><\/figure>\n\n\n\n<figure class=\"wp-block-image size-large\"><a href=\"http:\/\/association-douar-tamazirte.ch\/w\/wp-content\/uploads\/2022\/01\/Distribution9.jpg\"><img loading=\"lazy\" decoding=\"async\" width=\"1032\" height=\"581\" data-attachment-id=\"2043\" data-permalink=\"http:\/\/association-douar-tamazirte.ch\/w\/?attachment_id=2043\" data-orig-file=\"http:\/\/association-douar-tamazirte.ch\/w\/wp-content\/uploads\/2022\/01\/Distribution9.jpg\" data-orig-size=\"1032,581\" data-comments-opened=\"0\" data-image-meta=\"{&quot;aperture&quot;:&quot;0&quot;,&quot;credit&quot;:&quot;&quot;,&quot;camera&quot;:&quot;&quot;,&quot;caption&quot;:&quot;&quot;,&quot;created_timestamp&quot;:&quot;0&quot;,&quot;copyright&quot;:&quot;&quot;,&quot;focal_length&quot;:&quot;0&quot;,&quot;iso&quot;:&quot;0&quot;,&quot;shutter_speed&quot;:&quot;0&quot;,&quot;title&quot;:&quot;&quot;,&quot;orientation&quot;:&quot;0&quot;}\" data-image-title=\"\" data-image-description=\"\" data-image-caption=\"\" data-medium-file=\"http:\/\/association-douar-tamazirte.ch\/w\/wp-content\/uploads\/2022\/01\/Distribution9-300x169.jpg\" data-large-file=\"http:\/\/association-douar-tamazirte.ch\/w\/wp-content\/uploads\/2022\/01\/Distribution9-1024x576.jpg\" data-id=\"2043\" src=\"http:\/\/association-douar-tamazirte.ch\/w\/wp-content\/uploads\/2022\/01\/Distribution9.jpg\" alt=\"\" class=\"wp-image-2043\" srcset=\"http:\/\/association-douar-tamazirte.ch\/w\/wp-content\/uploads\/2022\/01\/Distribution9.jpg 1032w, http:\/\/association-douar-tamazirte.ch\/w\/wp-content\/uploads\/2022\/01\/Distribution9-300x169.jpg 300w, http:\/\/association-douar-tamazirte.ch\/w\/wp-content\/uploads\/2022\/01\/Distribution9-1024x576.jpg 1024w, http:\/\/association-douar-tamazirte.ch\/w\/wp-content\/uploads\/2022\/01\/Distribution9-768x432.jpg 768w, http:\/\/association-douar-tamazirte.ch\/w\/wp-content\/uploads\/2022\/01\/Distribution9-500x281.jpg 500w\" sizes=\"auto, (max-width: 1032px) 100vw, 1032px\" \/><\/a><\/figure>\n\n\n\n<figure class=\"wp-block-image size-large\"><a href=\"http:\/\/association-douar-tamazirte.ch\/w\/wp-content\/uploads\/2022\/01\/Distribution8.jpg\"><img loading=\"lazy\" decoding=\"async\" width=\"1032\" height=\"581\" data-attachment-id=\"2042\" data-permalink=\"http:\/\/association-douar-tamazirte.ch\/w\/?attachment_id=2042\" data-orig-file=\"http:\/\/association-douar-tamazirte.ch\/w\/wp-content\/uploads\/2022\/01\/Distribution8.jpg\" data-orig-size=\"1032,581\" data-comments-opened=\"0\" data-image-meta=\"{&quot;aperture&quot;:&quot;0&quot;,&quot;credit&quot;:&quot;&quot;,&quot;camera&quot;:&quot;&quot;,&quot;caption&quot;:&quot;&quot;,&quot;created_timestamp&quot;:&quot;0&quot;,&quot;copyright&quot;:&quot;&quot;,&quot;focal_length&quot;:&quot;0&quot;,&quot;iso&quot;:&quot;0&quot;,&quot;shutter_speed&quot;:&quot;0&quot;,&quot;title&quot;:&quot;&quot;,&quot;orientation&quot;:&quot;0&quot;}\" data-image-title=\"\" data-image-description=\"\" data-image-caption=\"\" data-medium-file=\"http:\/\/association-douar-tamazirte.ch\/w\/wp-content\/uploads\/2022\/01\/Distribution8-300x169.jpg\" data-large-file=\"http:\/\/association-douar-tamazirte.ch\/w\/wp-content\/uploads\/2022\/01\/Distribution8-1024x576.jpg\" data-id=\"2042\" src=\"http:\/\/association-douar-tamazirte.ch\/w\/wp-content\/uploads\/2022\/01\/Distribution8.jpg\" alt=\"\" class=\"wp-image-2042\" srcset=\"http:\/\/association-douar-tamazirte.ch\/w\/wp-content\/uploads\/2022\/01\/Distribution8.jpg 1032w, http:\/\/association-douar-tamazirte.ch\/w\/wp-content\/uploads\/2022\/01\/Distribution8-300x169.jpg 300w, http:\/\/association-douar-tamazirte.ch\/w\/wp-content\/uploads\/2022\/01\/Distribution8-1024x576.jpg 1024w, http:\/\/association-douar-tamazirte.ch\/w\/wp-content\/uploads\/2022\/01\/Distribution8-768x432.jpg 768w, http:\/\/association-douar-tamazirte.ch\/w\/wp-content\/uploads\/2022\/01\/Distribution8-500x281.jpg 500w\" sizes=\"auto, (max-width: 1032px) 100vw, 1032px\" \/><\/a><\/figure>\n\n\n\n<figure class=\"wp-block-image size-large\"><a href=\"http:\/\/association-douar-tamazirte.ch\/w\/wp-content\/uploads\/2022\/01\/Distribution5.jpg\"><img loading=\"lazy\" decoding=\"async\" width=\"1600\" height=\"800\" data-attachment-id=\"2039\" data-permalink=\"http:\/\/association-douar-tamazirte.ch\/w\/?attachment_id=2039\" data-orig-file=\"http:\/\/association-douar-tamazirte.ch\/w\/wp-content\/uploads\/2022\/01\/Distribution5.jpg\" data-orig-size=\"1600,800\" data-comments-opened=\"0\" data-image-meta=\"{&quot;aperture&quot;:&quot;0&quot;,&quot;credit&quot;:&quot;&quot;,&quot;camera&quot;:&quot;&quot;,&quot;caption&quot;:&quot;&quot;,&quot;created_timestamp&quot;:&quot;0&quot;,&quot;copyright&quot;:&quot;&quot;,&quot;focal_length&quot;:&quot;0&quot;,&quot;iso&quot;:&quot;0&quot;,&quot;shutter_speed&quot;:&quot;0&quot;,&quot;title&quot;:&quot;&quot;,&quot;orientation&quot;:&quot;0&quot;}\" data-image-title=\"\" data-image-description=\"\" data-image-caption=\"\" data-medium-file=\"http:\/\/association-douar-tamazirte.ch\/w\/wp-content\/uploads\/2022\/01\/Distribution5-300x150.jpg\" data-large-file=\"http:\/\/association-douar-tamazirte.ch\/w\/wp-content\/uploads\/2022\/01\/Distribution5-1024x512.jpg\" data-id=\"2039\" src=\"http:\/\/association-douar-tamazirte.ch\/w\/wp-content\/uploads\/2022\/01\/Distribution5.jpg\" alt=\"\" class=\"wp-image-2039\" srcset=\"http:\/\/association-douar-tamazirte.ch\/w\/wp-content\/uploads\/2022\/01\/Distribution5.jpg 1600w, http:\/\/association-douar-tamazirte.ch\/w\/wp-content\/uploads\/2022\/01\/Distribution5-300x150.jpg 300w, http:\/\/association-douar-tamazirte.ch\/w\/wp-content\/uploads\/2022\/01\/Distribution5-1024x512.jpg 1024w, http:\/\/association-douar-tamazirte.ch\/w\/wp-content\/uploads\/2022\/01\/Distribution5-768x384.jpg 768w, http:\/\/association-douar-tamazirte.ch\/w\/wp-content\/uploads\/2022\/01\/Distribution5-1536x768.jpg 1536w, http:\/\/association-douar-tamazirte.ch\/w\/wp-content\/uploads\/2022\/01\/Distribution5-500x250.jpg 500w\" sizes=\"auto, (max-width: 1600px) 100vw, 1600px\" \/><\/a><\/figure>\n\n\n\n<figure class=\"wp-block-image size-large\"><a href=\"http:\/\/association-douar-tamazirte.ch\/w\/wp-content\/uploads\/2022\/01\/Distribution7.jpg\"><img loading=\"lazy\" decoding=\"async\" width=\"1032\" height=\"581\" data-attachment-id=\"2041\" data-permalink=\"http:\/\/association-douar-tamazirte.ch\/w\/?attachment_id=2041\" data-orig-file=\"http:\/\/association-douar-tamazirte.ch\/w\/wp-content\/uploads\/2022\/01\/Distribution7.jpg\" data-orig-size=\"1032,581\" data-comments-opened=\"0\" data-image-meta=\"{&quot;aperture&quot;:&quot;0&quot;,&quot;credit&quot;:&quot;&quot;,&quot;camera&quot;:&quot;&quot;,&quot;caption&quot;:&quot;&quot;,&quot;created_timestamp&quot;:&quot;0&quot;,&quot;copyright&quot;:&quot;&quot;,&quot;focal_length&quot;:&quot;0&quot;,&quot;iso&quot;:&quot;0&quot;,&quot;shutter_speed&quot;:&quot;0&quot;,&quot;title&quot;:&quot;&quot;,&quot;orientation&quot;:&quot;0&quot;}\" data-image-title=\"\" data-image-description=\"\" data-image-caption=\"\" data-medium-file=\"http:\/\/association-douar-tamazirte.ch\/w\/wp-content\/uploads\/2022\/01\/Distribution7-300x169.jpg\" data-large-file=\"http:\/\/association-douar-tamazirte.ch\/w\/wp-content\/uploads\/2022\/01\/Distribution7-1024x576.jpg\" data-id=\"2041\" src=\"http:\/\/association-douar-tamazirte.ch\/w\/wp-content\/uploads\/2022\/01\/Distribution7.jpg\" alt=\"\" class=\"wp-image-2041\" srcset=\"http:\/\/association-douar-tamazirte.ch\/w\/wp-content\/uploads\/2022\/01\/Distribution7.jpg 1032w, http:\/\/association-douar-tamazirte.ch\/w\/wp-content\/uploads\/2022\/01\/Distribution7-300x169.jpg 300w, http:\/\/association-douar-tamazirte.ch\/w\/wp-content\/uploads\/2022\/01\/Distribution7-1024x576.jpg 1024w, http:\/\/association-douar-tamazirte.ch\/w\/wp-content\/uploads\/2022\/01\/Distribution7-768x432.jpg 768w, http:\/\/association-douar-tamazirte.ch\/w\/wp-content\/uploads\/2022\/01\/Distribution7-500x281.jpg 500w\" sizes=\"auto, (max-width: 1032px) 100vw, 1032px\" \/><\/a><\/figure>\n<\/figure>\n","protected":false},"excerpt":{"rendered":"<p>En 2021, en raison &#8211; malheureusement &#8211; toujours du COVID, nous avons reconduit notre aide d&rsquo;urgence en faveur des familles d\u00e9favoris\u00e9es avec enfants. Plus de 180 familles avec de nombreux enfants ont re\u00e7u les produits de premi\u00e8re n\u00e9cessit\u00e9 afin d&rsquo;all\u00e9ger, s&rsquo;il est possible, leur quotidien difficile ! C&rsquo;est peu et \u00e9norme \u00e0 la fois ! &hellip; <a href=\"http:\/\/association-douar-tamazirte.ch\/w\/?page_id=2055\" class=\"more-link\">Continuer la lecture de <span class=\"screen-reader-text\">Action COVID 2021<\/span> <span class=\"meta-nav\">&rarr;<\/span><\/a><\/p>\n","protected":false},"author":3,"featured_media":0,"parent":0,"menu_order":301,"comment_status":"closed","ping_status":"closed","template":"","meta":{"footnotes":""},"class_list":["post-2055","page","type-page","status-publish","hentry"],"jetpack_sharing_enabled":true,"_links":{"self":[{"href":"http:\/\/association-douar-tamazirte.ch\/w\/index.php?rest_route=\/wp\/v2\/pages\/2055","targetHints":{"allow":["GET"]}}],"collection":[{"href":"http:\/\/association-douar-tamazirte.ch\/w\/index.php?rest_route=\/wp\/v2\/pages"}],"about":[{"href":"http:\/\/association-douar-tamazirte.ch\/w\/index.php?rest_route=\/wp\/v2\/types\/page"}],"author":[{"embeddable":true,"href":"http:\/\/association-douar-tamazirte.ch\/w\/index.php?rest_route=\/wp\/v2\/users\/3"}],"replies":[{"embeddable":true,"href":"http:\/\/association-douar-tamazirte.ch\/w\/index.php?rest_route=%2Fwp%2Fv2%2Fcomments&post=2055"}],"version-history":[{"count":6,"href":"http:\/\/association-douar-tamazirte.ch\/w\/index.php?rest_route=\/wp\/v2\/pages\/2055\/revisions"}],"predecessor-version":[{"id":3284,"href":"http:\/\/association-douar-tamazirte.ch\/w\/index.php?rest_route=\/wp\/v2\/pages\/2055\/revisions\/3284"}],"wp:attachment":[{"href":"http:\/\/association-douar-tamazirte.ch\/w\/index.php?rest_route=%2Fwp%2Fv2%2Fmedia&parent=2055"}],"curies":[{"name":"wp","href":"https:\/\/api.w.org\/{rel}","templated":true}]}}