{"id":1813,"date":"2019-10-30T16:11:25","date_gmt":"2019-10-30T15:11:25","guid":{"rendered":"http:\/\/association-douar-tamazirte.ch\/w\/?page_id=1813"},"modified":"2019-11-02T19:01:40","modified_gmt":"2019-11-02T18:01:40","slug":"octobre-2019","status":"publish","type":"page","link":"http:\/\/association-douar-tamazirte.ch\/w\/?page_id=1813","title":{"rendered":"Octobre 2019"},"content":{"rendered":"\n<p>Au d\u00e9but de ce mois d&rsquo;octobre,<\/p>\n\n\n<p class=\"has-text-color has-blue-color\" style=\"font-size: 26px; text-align: center;\"><strong><span style=\"color: #ff0000;\">180<\/span> <span style=\"color: #ff0000;\">enfants<\/span><\/strong><\/p>\n\n\n<p class=\"has-normal-font-size\">ont re\u00e7u des baskets et des trainings neufs pour faire du sport ! Beaucoup de sourires et de remerciements malgr\u00e9 la timidit\u00e9 !<\/p>\n\n\n\n<div class=\"alignnormal\"><div id=\"metaslider-id-1844\" style=\"max-width: 600px; margin: 0 auto;\" class=\"ml-slider-3-104-0 metaslider metaslider-flex metaslider-1844 ml-slider ms-theme-disjoint nav-hidden\" role=\"region\" aria-label=\"Octobre 2019\" data-height=\"500\" data-width=\"600\">\n    <div id=\"metaslider_container_1844\">\n        <div id=\"metaslider_1844\" class=\"flexslider\">\n            <ul class='slides'>\n                <li style=\"display: block; width: 100%;\" class=\"slide-1845 ms-image \" aria-roledescription=\"slide\" data-date=\"2019-11-02 16:09:57\" data-filename=\"R-600x500.jpg\" data-slide-type=\"image\"><img loading=\"lazy\" decoding=\"async\" src=\"http:\/\/association-douar-tamazirte.ch\/w\/wp-content\/uploads\/2019\/10\/R-600x500.jpg\" height=\"500\" width=\"600\" alt=\"\" class=\"slider-1844 slide-1845 msDefaultImage\" \/><\/li>\n                <li style=\"display: none; width: 100%;\" class=\"slide-1846 ms-image \" aria-roledescription=\"slide\" data-date=\"2019-11-02 16:09:57\" data-filename=\"Q-600x500.jpg\" data-slide-type=\"image\"><img loading=\"lazy\" decoding=\"async\" src=\"http:\/\/association-douar-tamazirte.ch\/w\/wp-content\/uploads\/2019\/10\/Q-600x500.jpg\" height=\"500\" width=\"600\" alt=\"\" class=\"slider-1844 slide-1846 msDefaultImage\" \/><\/li>\n                <li style=\"display: none; width: 100%;\" class=\"slide-1847 ms-image \" aria-roledescription=\"slide\" data-date=\"2019-11-02 16:10:24\" data-filename=\"P-600x500.jpg\" data-slide-type=\"image\"><img loading=\"lazy\" decoding=\"async\" src=\"http:\/\/association-douar-tamazirte.ch\/w\/wp-content\/uploads\/2019\/10\/P-600x500.jpg\" height=\"500\" width=\"600\" alt=\"Ils vous disent MERCI !\" class=\"slider-1844 slide-1847 msDefaultImage\" \/><\/li>\n                <li style=\"display: none; width: 100%;\" class=\"slide-1848 ms-image \" aria-roledescription=\"slide\" data-date=\"2019-11-02 16:12:32\" data-filename=\"O-600x500.jpg\" data-slide-type=\"image\"><img loading=\"lazy\" decoding=\"async\" src=\"http:\/\/association-douar-tamazirte.ch\/w\/wp-content\/uploads\/2019\/10\/O-600x500.jpg\" height=\"500\" width=\"600\" alt=\"\" class=\"slider-1844 slide-1848 msDefaultImage\" \/><\/li>\n                <li style=\"display: none; width: 100%;\" class=\"slide-1849 ms-image \" aria-roledescription=\"slide\" data-date=\"2019-11-02 16:13:01\" data-filename=\"N-600x500.jpg\" data-slide-type=\"image\"><img loading=\"lazy\" decoding=\"async\" src=\"http:\/\/association-douar-tamazirte.ch\/w\/wp-content\/uploads\/2019\/10\/N-600x500.jpg\" height=\"500\" width=\"600\" alt=\"\" class=\"slider-1844 slide-1849 msDefaultImage\" \/><\/li>\n                <li style=\"display: none; width: 100%;\" class=\"slide-1850 ms-image \" aria-roledescription=\"slide\" data-date=\"2019-11-02 16:14:02\" data-filename=\"M-600x500.jpg\" data-slide-type=\"image\"><img loading=\"lazy\" decoding=\"async\" src=\"http:\/\/association-douar-tamazirte.ch\/w\/wp-content\/uploads\/2019\/10\/M-600x500.jpg\" height=\"500\" width=\"600\" alt=\"\" class=\"slider-1844 slide-1850 msDefaultImage\" \/><\/li>\n                <li style=\"display: none; width: 100%;\" class=\"slide-1851 ms-image \" aria-roledescription=\"slide\" data-date=\"2019-11-02 16:14:15\" data-filename=\"L-600x500.jpg\" data-slide-type=\"image\"><img loading=\"lazy\" decoding=\"async\" src=\"http:\/\/association-douar-tamazirte.ch\/w\/wp-content\/uploads\/2019\/10\/L-600x500.jpg\" height=\"500\" width=\"600\" alt=\"\" class=\"slider-1844 slide-1851 msDefaultImage\" \/><\/li>\n                <li style=\"display: none; width: 100%;\" class=\"slide-1852 ms-image \" aria-roledescription=\"slide\" data-date=\"2019-11-02 16:14:29\" data-filename=\"K-600x500.jpg\" data-slide-type=\"image\"><img loading=\"lazy\" decoding=\"async\" src=\"http:\/\/association-douar-tamazirte.ch\/w\/wp-content\/uploads\/2019\/10\/K-600x500.jpg\" height=\"500\" width=\"600\" alt=\"\" class=\"slider-1844 slide-1852 msDefaultImage\" \/><\/li>\n                <li style=\"display: none; width: 100%;\" class=\"slide-1853 ms-image \" aria-roledescription=\"slide\" data-date=\"2019-11-02 16:14:43\" data-filename=\"J-600x500.jpg\" data-slide-type=\"image\"><img loading=\"lazy\" decoding=\"async\" src=\"http:\/\/association-douar-tamazirte.ch\/w\/wp-content\/uploads\/2019\/10\/J-600x500.jpg\" height=\"500\" width=\"600\" alt=\"\" class=\"slider-1844 slide-1853 msDefaultImage\" \/><\/li>\n                <li style=\"display: none; width: 100%;\" class=\"slide-1854 ms-image \" aria-roledescription=\"slide\" data-date=\"2019-11-02 16:14:56\" data-filename=\"I-600x500.jpg\" data-slide-type=\"image\"><img loading=\"lazy\" decoding=\"async\" src=\"http:\/\/association-douar-tamazirte.ch\/w\/wp-content\/uploads\/2019\/10\/I-600x500.jpg\" height=\"500\" width=\"600\" alt=\"\" class=\"slider-1844 slide-1854 msDefaultImage\" \/><\/li>\n                <li style=\"display: none; width: 100%;\" class=\"slide-1855 ms-image \" aria-roledescription=\"slide\" data-date=\"2019-11-02 16:15:24\" data-filename=\"H-600x500.jpg\" data-slide-type=\"image\"><img loading=\"lazy\" decoding=\"async\" src=\"http:\/\/association-douar-tamazirte.ch\/w\/wp-content\/uploads\/2019\/10\/H-600x500.jpg\" height=\"500\" width=\"600\" alt=\"\" class=\"slider-1844 slide-1855 msDefaultImage\" \/><\/li>\n                <li style=\"display: none; width: 100%;\" class=\"slide-1856 ms-image \" aria-roledescription=\"slide\" data-date=\"2019-11-02 16:15:44\" data-filename=\"G-600x500.jpg\" data-slide-type=\"image\"><img loading=\"lazy\" decoding=\"async\" src=\"http:\/\/association-douar-tamazirte.ch\/w\/wp-content\/uploads\/2019\/10\/G-600x500.jpg\" height=\"500\" width=\"600\" alt=\"\" class=\"slider-1844 slide-1856 msDefaultImage\" \/><\/li>\n                <li style=\"display: none; width: 100%;\" class=\"slide-1857 ms-image \" aria-roledescription=\"slide\" data-date=\"2019-11-02 16:15:59\" data-filename=\"F-600x500.jpg\" data-slide-type=\"image\"><img loading=\"lazy\" decoding=\"async\" src=\"http:\/\/association-douar-tamazirte.ch\/w\/wp-content\/uploads\/2019\/10\/F-600x500.jpg\" height=\"500\" width=\"600\" alt=\"\" class=\"slider-1844 slide-1857 msDefaultImage\" \/><\/li>\n                <li style=\"display: none; width: 100%;\" class=\"slide-1858 ms-image \" aria-roledescription=\"slide\" data-date=\"2019-11-02 16:16:29\" data-filename=\"E-600x500.jpg\" data-slide-type=\"image\"><img loading=\"lazy\" decoding=\"async\" src=\"http:\/\/association-douar-tamazirte.ch\/w\/wp-content\/uploads\/2019\/10\/E-600x500.jpg\" height=\"500\" width=\"600\" alt=\"\" class=\"slider-1844 slide-1858 msDefaultImage\" \/><\/li>\n                <li style=\"display: none; width: 100%;\" class=\"slide-1859 ms-image \" aria-roledescription=\"slide\" data-date=\"2019-11-02 16:16:43\" data-filename=\"D-600x500.jpg\" data-slide-type=\"image\"><img loading=\"lazy\" decoding=\"async\" src=\"http:\/\/association-douar-tamazirte.ch\/w\/wp-content\/uploads\/2019\/10\/D-600x500.jpg\" height=\"500\" width=\"600\" alt=\"\" class=\"slider-1844 slide-1859 msDefaultImage\" \/><\/li>\n                <li style=\"display: none; width: 100%;\" class=\"slide-1860 ms-image \" aria-roledescription=\"slide\" data-date=\"2019-11-02 16:17:00\" data-filename=\"C-600x500.jpg\" data-slide-type=\"image\"><img loading=\"lazy\" decoding=\"async\" src=\"http:\/\/association-douar-tamazirte.ch\/w\/wp-content\/uploads\/2019\/10\/C-600x500.jpg\" height=\"500\" width=\"600\" alt=\"\" class=\"slider-1844 slide-1860 msDefaultImage\" \/><\/li>\n                <li style=\"display: none; width: 100%;\" class=\"slide-1861 ms-image \" aria-roledescription=\"slide\" data-date=\"2019-11-02 16:17:13\" data-filename=\"B-600x500.jpg\" data-slide-type=\"image\"><img loading=\"lazy\" decoding=\"async\" src=\"http:\/\/association-douar-tamazirte.ch\/w\/wp-content\/uploads\/2019\/10\/B-600x500.jpg\" height=\"500\" width=\"600\" alt=\"\" class=\"slider-1844 slide-1861 msDefaultImage\" \/><\/li>\n                <li style=\"display: none; width: 100%;\" class=\"slide-1862 ms-image \" aria-roledescription=\"slide\" data-date=\"2019-11-02 16:17:24\" data-filename=\"A-600x500.jpg\" data-slide-type=\"image\"><img loading=\"lazy\" decoding=\"async\" src=\"http:\/\/association-douar-tamazirte.ch\/w\/wp-content\/uploads\/2019\/10\/A-600x500.jpg\" height=\"500\" width=\"600\" alt=\"\" class=\"slider-1844 slide-1862 msDefaultImage\" \/><\/li>\n            <\/ul>\n        <\/div>\n        \n    <\/div>\n<\/div><\/div>\n","protected":false},"excerpt":{"rendered":"<p>Au d\u00e9but de ce mois d&rsquo;octobre, 180 enfants ont re\u00e7u des baskets et des trainings neufs pour faire du sport ! Beaucoup de sourires et de remerciements malgr\u00e9 la timidit\u00e9 !<\/p>\n","protected":false},"author":3,"featured_media":0,"parent":0,"menu_order":280,"comment_status":"closed","ping_status":"closed","template":"","meta":{"footnotes":""},"class_list":["post-1813","page","type-page","status-publish","hentry"],"jetpack_sharing_enabled":true,"_links":{"self":[{"href":"http:\/\/association-douar-tamazirte.ch\/w\/index.php?rest_route=\/wp\/v2\/pages\/1813","targetHints":{"allow":["GET"]}}],"collection":[{"href":"http:\/\/association-douar-tamazirte.ch\/w\/index.php?rest_route=\/wp\/v2\/pages"}],"about":[{"href":"http:\/\/association-douar-tamazirte.ch\/w\/index.php?rest_route=\/wp\/v2\/types\/page"}],"author":[{"embeddable":true,"href":"http:\/\/association-douar-tamazirte.ch\/w\/index.php?rest_route=\/wp\/v2\/users\/3"}],"replies":[{"embeddable":true,"href":"http:\/\/association-douar-tamazirte.ch\/w\/index.php?rest_route=%2Fwp%2Fv2%2Fcomments&post=1813"}],"version-history":[{"count":13,"href":"http:\/\/association-douar-tamazirte.ch\/w\/index.php?rest_route=\/wp\/v2\/pages\/1813\/revisions"}],"predecessor-version":[{"id":3033,"href":"http:\/\/association-douar-tamazirte.ch\/w\/index.php?rest_route=\/wp\/v2\/pages\/1813\/revisions\/3033"}],"wp:attachment":[{"href":"http:\/\/association-douar-tamazirte.ch\/w\/index.php?rest_route=%2Fwp%2Fv2%2Fmedia&parent=1813"}],"curies":[{"name":"wp","href":"https:\/\/api.w.org\/{rel}","templated":true}]}}