{"id":1535,"date":"2018-06-25T14:58:53","date_gmt":"2018-06-25T13:58:53","guid":{"rendered":"http:\/\/association-douar-tamazirte.ch\/w\/?page_id=1535"},"modified":"2020-11-15T11:24:52","modified_gmt":"2020-11-15T10:24:52","slug":"donneloye-st-jacques-de-compostelle-en-faveur-des-enfants","status":"publish","type":"page","link":"http:\/\/association-douar-tamazirte.ch\/w\/?page_id=1535","title":{"rendered":"Un local pour les enfants !"},"content":{"rendered":"<p><span style=\"font-size: 14pt;\">Au d\u00e9but de cette ann\u00e9e 2020, les enfants du village de Sidi Hassain ont un nouveau local tout beau tout neuf !<\/span><\/p>\n<p><span style=\"font-size: 14pt;\">Meubl\u00e9 et am\u00e9nag\u00e9, ils peuvent se r\u00e9unir afin de suivre des cours de rattrapage scolaire et b\u00e9n\u00e9ficier d&rsquo;activit\u00e9s socio-culturelles. Nous sommes heureux d&rsquo;avoir pu financer ce projet !<\/span><\/p>\n\n\n<div data-carousel-extra='{&quot;blog_id&quot;:1,&quot;permalink&quot;:&quot;http:\/\/association-douar-tamazirte.ch\/w\/?page_id=1535&quot;}' id='gallery-1' class='gallery galleryid-1535 gallery-columns-3 gallery-size-thumbnail'><figure class='gallery-item'>\n\t\t\t<div class='gallery-icon landscape'>\n\t\t\t\t<a href='http:\/\/association-douar-tamazirte.ch\/w\/?attachment_id=1975'><img loading=\"lazy\" decoding=\"async\" width=\"150\" height=\"150\" src=\"http:\/\/association-douar-tamazirte.ch\/w\/wp-content\/uploads\/2020\/11\/IMG-20200314-WA0003-150x150.jpg\" class=\"attachment-thumbnail size-thumbnail\" alt=\"\" data-attachment-id=\"1975\" data-permalink=\"http:\/\/association-douar-tamazirte.ch\/w\/?attachment_id=1975\" data-orig-file=\"http:\/\/association-douar-tamazirte.ch\/w\/wp-content\/uploads\/2020\/11\/IMG-20200314-WA0003.jpg\" data-orig-size=\"1280,640\" data-comments-opened=\"0\" data-image-meta=\"{&quot;aperture&quot;:&quot;0&quot;,&quot;credit&quot;:&quot;&quot;,&quot;camera&quot;:&quot;&quot;,&quot;caption&quot;:&quot;&quot;,&quot;created_timestamp&quot;:&quot;0&quot;,&quot;copyright&quot;:&quot;&quot;,&quot;focal_length&quot;:&quot;0&quot;,&quot;iso&quot;:&quot;0&quot;,&quot;shutter_speed&quot;:&quot;0&quot;,&quot;title&quot;:&quot;&quot;,&quot;orientation&quot;:&quot;0&quot;}\" data-image-title=\"\" data-image-description=\"\" data-image-caption=\"\" data-medium-file=\"http:\/\/association-douar-tamazirte.ch\/w\/wp-content\/uploads\/2020\/11\/IMG-20200314-WA0003-300x150.jpg\" data-large-file=\"http:\/\/association-douar-tamazirte.ch\/w\/wp-content\/uploads\/2020\/11\/IMG-20200314-WA0003-1024x512.jpg\" \/><\/a>\n\t\t\t<\/div><\/figure><figure class='gallery-item'>\n\t\t\t<div class='gallery-icon portrait'>\n\t\t\t\t<a href='http:\/\/association-douar-tamazirte.ch\/w\/?attachment_id=1971'><img loading=\"lazy\" decoding=\"async\" width=\"150\" height=\"150\" src=\"http:\/\/association-douar-tamazirte.ch\/w\/wp-content\/uploads\/2020\/11\/IMG-20200108-WA0029-150x150.jpg\" class=\"attachment-thumbnail size-thumbnail\" alt=\"\" data-attachment-id=\"1971\" data-permalink=\"http:\/\/association-douar-tamazirte.ch\/w\/?attachment_id=1971\" data-orig-file=\"http:\/\/association-douar-tamazirte.ch\/w\/wp-content\/uploads\/2020\/11\/IMG-20200108-WA0029.jpg\" data-orig-size=\"780,1040\" data-comments-opened=\"0\" data-image-meta=\"{&quot;aperture&quot;:&quot;0&quot;,&quot;credit&quot;:&quot;&quot;,&quot;camera&quot;:&quot;&quot;,&quot;caption&quot;:&quot;&quot;,&quot;created_timestamp&quot;:&quot;0&quot;,&quot;copyright&quot;:&quot;&quot;,&quot;focal_length&quot;:&quot;0&quot;,&quot;iso&quot;:&quot;0&quot;,&quot;shutter_speed&quot;:&quot;0&quot;,&quot;title&quot;:&quot;&quot;,&quot;orientation&quot;:&quot;0&quot;}\" data-image-title=\"\" data-image-description=\"\" data-image-caption=\"\" data-medium-file=\"http:\/\/association-douar-tamazirte.ch\/w\/wp-content\/uploads\/2020\/11\/IMG-20200108-WA0029-225x300.jpg\" data-large-file=\"http:\/\/association-douar-tamazirte.ch\/w\/wp-content\/uploads\/2020\/11\/IMG-20200108-WA0029-768x1024.jpg\" \/><\/a>\n\t\t\t<\/div><\/figure><figure class='gallery-item'>\n\t\t\t<div class='gallery-icon portrait'>\n\t\t\t\t<a href='http:\/\/association-douar-tamazirte.ch\/w\/?attachment_id=1981'><img loading=\"lazy\" decoding=\"async\" width=\"150\" height=\"150\" src=\"http:\/\/association-douar-tamazirte.ch\/w\/wp-content\/uploads\/2020\/11\/Refection-150x150.jpg\" class=\"attachment-thumbnail size-thumbnail\" alt=\"\" data-attachment-id=\"1981\" data-permalink=\"http:\/\/association-douar-tamazirte.ch\/w\/?attachment_id=1981\" data-orig-file=\"http:\/\/association-douar-tamazirte.ch\/w\/wp-content\/uploads\/2020\/11\/Refection.jpg\" data-orig-size=\"960,1280\" data-comments-opened=\"0\" data-image-meta=\"{&quot;aperture&quot;:&quot;0&quot;,&quot;credit&quot;:&quot;&quot;,&quot;camera&quot;:&quot;&quot;,&quot;caption&quot;:&quot;&quot;,&quot;created_timestamp&quot;:&quot;0&quot;,&quot;copyright&quot;:&quot;&quot;,&quot;focal_length&quot;:&quot;0&quot;,&quot;iso&quot;:&quot;0&quot;,&quot;shutter_speed&quot;:&quot;0&quot;,&quot;title&quot;:&quot;&quot;,&quot;orientation&quot;:&quot;0&quot;}\" data-image-title=\"R\u00e9fection\" data-image-description=\"\" data-image-caption=\"\" data-medium-file=\"http:\/\/association-douar-tamazirte.ch\/w\/wp-content\/uploads\/2020\/11\/Refection-225x300.jpg\" data-large-file=\"http:\/\/association-douar-tamazirte.ch\/w\/wp-content\/uploads\/2020\/11\/Refection-768x1024.jpg\" \/><\/a>\n\t\t\t<\/div><\/figure><figure class='gallery-item'>\n\t\t\t<div class='gallery-icon landscape'>\n\t\t\t\t<a href='http:\/\/association-douar-tamazirte.ch\/w\/?attachment_id=1948'><img loading=\"lazy\" decoding=\"async\" width=\"150\" height=\"150\" src=\"http:\/\/association-douar-tamazirte.ch\/w\/wp-content\/uploads\/2020\/11\/IMG-20191215-WA0015-150x150.jpg\" class=\"attachment-thumbnail size-thumbnail\" alt=\"\" data-attachment-id=\"1948\" data-permalink=\"http:\/\/association-douar-tamazirte.ch\/w\/?attachment_id=1948\" data-orig-file=\"http:\/\/association-douar-tamazirte.ch\/w\/wp-content\/uploads\/2020\/11\/IMG-20191215-WA0015.jpg\" data-orig-size=\"1280,960\" data-comments-opened=\"0\" data-image-meta=\"{&quot;aperture&quot;:&quot;0&quot;,&quot;credit&quot;:&quot;&quot;,&quot;camera&quot;:&quot;&quot;,&quot;caption&quot;:&quot;&quot;,&quot;created_timestamp&quot;:&quot;0&quot;,&quot;copyright&quot;:&quot;&quot;,&quot;focal_length&quot;:&quot;0&quot;,&quot;iso&quot;:&quot;0&quot;,&quot;shutter_speed&quot;:&quot;0&quot;,&quot;title&quot;:&quot;&quot;,&quot;orientation&quot;:&quot;0&quot;}\" data-image-title=\"\" data-image-description=\"\" data-image-caption=\"\" data-medium-file=\"http:\/\/association-douar-tamazirte.ch\/w\/wp-content\/uploads\/2020\/11\/IMG-20191215-WA0015-300x225.jpg\" data-large-file=\"http:\/\/association-douar-tamazirte.ch\/w\/wp-content\/uploads\/2020\/11\/IMG-20191215-WA0015-1024x768.jpg\" \/><\/a>\n\t\t\t<\/div><\/figure><figure class='gallery-item'>\n\t\t\t<div class='gallery-icon landscape'>\n\t\t\t\t<a href='http:\/\/association-douar-tamazirte.ch\/w\/?attachment_id=1969'><img loading=\"lazy\" decoding=\"async\" width=\"150\" height=\"150\" src=\"http:\/\/association-douar-tamazirte.ch\/w\/wp-content\/uploads\/2020\/11\/IMG-20200108-WA0027-150x150.jpg\" class=\"attachment-thumbnail size-thumbnail\" alt=\"\" data-attachment-id=\"1969\" data-permalink=\"http:\/\/association-douar-tamazirte.ch\/w\/?attachment_id=1969\" data-orig-file=\"http:\/\/association-douar-tamazirte.ch\/w\/wp-content\/uploads\/2020\/11\/IMG-20200108-WA0027.jpg\" data-orig-size=\"1040,780\" data-comments-opened=\"0\" data-image-meta=\"{&quot;aperture&quot;:&quot;0&quot;,&quot;credit&quot;:&quot;&quot;,&quot;camera&quot;:&quot;&quot;,&quot;caption&quot;:&quot;&quot;,&quot;created_timestamp&quot;:&quot;0&quot;,&quot;copyright&quot;:&quot;&quot;,&quot;focal_length&quot;:&quot;0&quot;,&quot;iso&quot;:&quot;0&quot;,&quot;shutter_speed&quot;:&quot;0&quot;,&quot;title&quot;:&quot;&quot;,&quot;orientation&quot;:&quot;0&quot;}\" data-image-title=\"\" data-image-description=\"\" data-image-caption=\"\" data-medium-file=\"http:\/\/association-douar-tamazirte.ch\/w\/wp-content\/uploads\/2020\/11\/IMG-20200108-WA0027-300x225.jpg\" data-large-file=\"http:\/\/association-douar-tamazirte.ch\/w\/wp-content\/uploads\/2020\/11\/IMG-20200108-WA0027-1024x768.jpg\" \/><\/a>\n\t\t\t<\/div><\/figure><figure class='gallery-item'>\n\t\t\t<div class='gallery-icon portrait'>\n\t\t\t\t<a href='http:\/\/association-douar-tamazirte.ch\/w\/?attachment_id=1973'><img loading=\"lazy\" decoding=\"async\" width=\"150\" height=\"150\" src=\"http:\/\/association-douar-tamazirte.ch\/w\/wp-content\/uploads\/2020\/11\/IMG-20200108-WA0031-150x150.jpg\" class=\"attachment-thumbnail size-thumbnail\" alt=\"\" data-attachment-id=\"1973\" data-permalink=\"http:\/\/association-douar-tamazirte.ch\/w\/?attachment_id=1973\" data-orig-file=\"http:\/\/association-douar-tamazirte.ch\/w\/wp-content\/uploads\/2020\/11\/IMG-20200108-WA0031.jpg\" data-orig-size=\"780,1040\" data-comments-opened=\"0\" data-image-meta=\"{&quot;aperture&quot;:&quot;0&quot;,&quot;credit&quot;:&quot;&quot;,&quot;camera&quot;:&quot;&quot;,&quot;caption&quot;:&quot;&quot;,&quot;created_timestamp&quot;:&quot;0&quot;,&quot;copyright&quot;:&quot;&quot;,&quot;focal_length&quot;:&quot;0&quot;,&quot;iso&quot;:&quot;0&quot;,&quot;shutter_speed&quot;:&quot;0&quot;,&quot;title&quot;:&quot;&quot;,&quot;orientation&quot;:&quot;0&quot;}\" data-image-title=\"\" data-image-description=\"\" data-image-caption=\"\" data-medium-file=\"http:\/\/association-douar-tamazirte.ch\/w\/wp-content\/uploads\/2020\/11\/IMG-20200108-WA0031-225x300.jpg\" data-large-file=\"http:\/\/association-douar-tamazirte.ch\/w\/wp-content\/uploads\/2020\/11\/IMG-20200108-WA0031-768x1024.jpg\" \/><\/a>\n\t\t\t<\/div><\/figure><figure class='gallery-item'>\n\t\t\t<div class='gallery-icon landscape'>\n\t\t\t\t<a href='http:\/\/association-douar-tamazirte.ch\/w\/?attachment_id=1963'><img loading=\"lazy\" decoding=\"async\" width=\"150\" height=\"150\" src=\"http:\/\/association-douar-tamazirte.ch\/w\/wp-content\/uploads\/2020\/11\/IMG-20200108-WA0021-150x150.jpg\" class=\"attachment-thumbnail size-thumbnail\" alt=\"\" data-attachment-id=\"1963\" data-permalink=\"http:\/\/association-douar-tamazirte.ch\/w\/?attachment_id=1963\" data-orig-file=\"http:\/\/association-douar-tamazirte.ch\/w\/wp-content\/uploads\/2020\/11\/IMG-20200108-WA0021.jpg\" data-orig-size=\"1040,780\" data-comments-opened=\"0\" data-image-meta=\"{&quot;aperture&quot;:&quot;0&quot;,&quot;credit&quot;:&quot;&quot;,&quot;camera&quot;:&quot;&quot;,&quot;caption&quot;:&quot;&quot;,&quot;created_timestamp&quot;:&quot;0&quot;,&quot;copyright&quot;:&quot;&quot;,&quot;focal_length&quot;:&quot;0&quot;,&quot;iso&quot;:&quot;0&quot;,&quot;shutter_speed&quot;:&quot;0&quot;,&quot;title&quot;:&quot;&quot;,&quot;orientation&quot;:&quot;0&quot;}\" data-image-title=\"\" data-image-description=\"\" data-image-caption=\"\" data-medium-file=\"http:\/\/association-douar-tamazirte.ch\/w\/wp-content\/uploads\/2020\/11\/IMG-20200108-WA0021-300x225.jpg\" data-large-file=\"http:\/\/association-douar-tamazirte.ch\/w\/wp-content\/uploads\/2020\/11\/IMG-20200108-WA0021-1024x768.jpg\" \/><\/a>\n\t\t\t<\/div><\/figure><figure class='gallery-item'>\n\t\t\t<div class='gallery-icon portrait'>\n\t\t\t\t<a href='http:\/\/association-douar-tamazirte.ch\/w\/?attachment_id=1957'><img loading=\"lazy\" decoding=\"async\" width=\"150\" height=\"150\" src=\"http:\/\/association-douar-tamazirte.ch\/w\/wp-content\/uploads\/2020\/11\/IMG-20191221-WA0001-150x150.jpg\" class=\"attachment-thumbnail size-thumbnail\" alt=\"\" data-attachment-id=\"1957\" data-permalink=\"http:\/\/association-douar-tamazirte.ch\/w\/?attachment_id=1957\" data-orig-file=\"http:\/\/association-douar-tamazirte.ch\/w\/wp-content\/uploads\/2020\/11\/IMG-20191221-WA0001.jpg\" data-orig-size=\"780,1040\" data-comments-opened=\"0\" data-image-meta=\"{&quot;aperture&quot;:&quot;0&quot;,&quot;credit&quot;:&quot;&quot;,&quot;camera&quot;:&quot;&quot;,&quot;caption&quot;:&quot;&quot;,&quot;created_timestamp&quot;:&quot;0&quot;,&quot;copyright&quot;:&quot;&quot;,&quot;focal_length&quot;:&quot;0&quot;,&quot;iso&quot;:&quot;0&quot;,&quot;shutter_speed&quot;:&quot;0&quot;,&quot;title&quot;:&quot;&quot;,&quot;orientation&quot;:&quot;0&quot;}\" data-image-title=\"\" data-image-description=\"\" data-image-caption=\"\" data-medium-file=\"http:\/\/association-douar-tamazirte.ch\/w\/wp-content\/uploads\/2020\/11\/IMG-20191221-WA0001-225x300.jpg\" data-large-file=\"http:\/\/association-douar-tamazirte.ch\/w\/wp-content\/uploads\/2020\/11\/IMG-20191221-WA0001-768x1024.jpg\" \/><\/a>\n\t\t\t<\/div><\/figure>\n\t\t<\/div>\n\n","protected":false},"excerpt":{"rendered":"<p>Au d\u00e9but de cette ann\u00e9e 2020, les enfants du village de Sidi Hassain ont un nouveau local tout beau tout neuf ! Meubl\u00e9 et am\u00e9nag\u00e9, ils peuvent se r\u00e9unir afin de suivre des cours de rattrapage scolaire et b\u00e9n\u00e9ficier d&rsquo;activit\u00e9s socio-culturelles. Nous sommes heureux d&rsquo;avoir pu financer ce projet !<\/p>\n","protected":false},"author":3,"featured_media":0,"parent":0,"menu_order":290,"comment_status":"closed","ping_status":"closed","template":"sidebar-page.php","meta":{"footnotes":""},"class_list":["post-1535","page","type-page","status-publish","hentry"],"jetpack_sharing_enabled":true,"_links":{"self":[{"href":"http:\/\/association-douar-tamazirte.ch\/w\/index.php?rest_route=\/wp\/v2\/pages\/1535","targetHints":{"allow":["GET"]}}],"collection":[{"href":"http:\/\/association-douar-tamazirte.ch\/w\/index.php?rest_route=\/wp\/v2\/pages"}],"about":[{"href":"http:\/\/association-douar-tamazirte.ch\/w\/index.php?rest_route=\/wp\/v2\/types\/page"}],"author":[{"embeddable":true,"href":"http:\/\/association-douar-tamazirte.ch\/w\/index.php?rest_route=\/wp\/v2\/users\/3"}],"replies":[{"embeddable":true,"href":"http:\/\/association-douar-tamazirte.ch\/w\/index.php?rest_route=%2Fwp%2Fv2%2Fcomments&post=1535"}],"version-history":[{"count":11,"href":"http:\/\/association-douar-tamazirte.ch\/w\/index.php?rest_route=\/wp\/v2\/pages\/1535\/revisions"}],"predecessor-version":[{"id":1995,"href":"http:\/\/association-douar-tamazirte.ch\/w\/index.php?rest_route=\/wp\/v2\/pages\/1535\/revisions\/1995"}],"wp:attachment":[{"href":"http:\/\/association-douar-tamazirte.ch\/w\/index.php?rest_route=%2Fwp%2Fv2%2Fmedia&parent=1535"}],"curies":[{"name":"wp","href":"https:\/\/api.w.org\/{rel}","templated":true}]}}